{"id":29428,"date":"2020-05-15T12:22:24","date_gmt":"2020-05-15T10:22:24","guid":{"rendered":"https:\/\/www.divisa.ch\/?page_id=29428"},"modified":"2025-06-10T16:22:10","modified_gmt":"2025-06-10T14:22:10","slug":"about-us","status":"publish","type":"page","link":"https:\/\/divisa.ch\/fr\/about-us\/","title":{"rendered":"\u00c0 PROPOS"},"content":{"rendered":"<div data-elementor-type=\"wp-page\" data-elementor-id=\"29428\" class=\"elementor elementor-29428\" data-elementor-post-type=\"page\">\n\t\t\t\t<div class=\"elementor-element elementor-element-4299a4a elementor-hidden-desktop elementor-hidden-tablet e-flex e-con-boxed e-con e-parent\" data-id=\"4299a4a\" data-element_type=\"container\">\n\t\t\t\t\t<div class=\"e-con-inner\">\n\t\t<div class=\"elementor-element elementor-element-04c7e76 e-con-full e-flex e-con e-child\" data-id=\"04c7e76\" data-element_type=\"container\">\n\t\t\t\t<div class=\"elementor-element elementor-element-9ccd937 elementor-widget elementor-widget-image\" data-id=\"9ccd937\" data-element_type=\"widget\" data-widget_type=\"image.default\">\n\t\t\t\t<div class=\"elementor-widget-container\">\n\t\t\t\t\t\t\t\t\t\t\t\t\t\t\t<img fetchpriority=\"high\" decoding=\"async\" width=\"800\" height=\"377\" src=\"https:\/\/divisa.ch\/wp-content\/uploads\/2024\/06\/about-1024x482.png\" class=\"attachment-large size-large wp-image-30085\" alt=\"\" srcset=\"https:\/\/divisa.ch\/wp-content\/uploads\/2024\/06\/about-1024x482.png 1024w, https:\/\/divisa.ch\/wp-content\/uploads\/2024\/06\/about-300x141.png 300w, https:\/\/divisa.ch\/wp-content\/uploads\/2024\/06\/about-768x362.png 768w, https:\/\/divisa.ch\/wp-content\/uploads\/2024\/06\/about-1536x723.png 1536w, https:\/\/divisa.ch\/wp-content\/uploads\/2024\/06\/about-2048x964.png 2048w\" sizes=\"(max-width: 800px) 100vw, 800px\" \/>\t\t\t\t\t\t\t\t\t\t\t\t\t\t\t<\/div>\n\t\t\t\t<\/div>\n\t\t\t\t<\/div>\n\t\t<div class=\"elementor-element elementor-element-cc0ec91 e-con-full e-flex e-con e-child\" data-id=\"cc0ec91\" data-element_type=\"container\" data-settings=\"{&quot;background_background&quot;:&quot;classic&quot;}\">\n\t\t\t\t<div class=\"elementor-element elementor-element-8a31bbe elementor-widget elementor-widget-heading\" data-id=\"8a31bbe\" data-element_type=\"widget\" data-widget_type=\"heading.default\">\n\t\t\t\t<div class=\"elementor-widget-container\">\n\t\t\t\t\t<h2 class=\"elementor-heading-title elementor-size-default\">DIVISA<br>PR\u00c9CISION<\/h2>\t\t\t\t<\/div>\n\t\t\t\t<\/div>\n\t\t\t\t<div class=\"elementor-element elementor-element-9b4b688 elementor-widget-divider--view-line elementor-widget elementor-widget-divider\" data-id=\"9b4b688\" data-element_type=\"widget\" data-widget_type=\"divider.default\">\n\t\t\t\t<div class=\"elementor-widget-container\">\n\t\t\t\t\t\t\t<div class=\"elementor-divider\">\n\t\t\t<span class=\"elementor-divider-separator\">\n\t\t\t\t\t\t<\/span>\n\t\t<\/div>\n\t\t\t\t\t\t<\/div>\n\t\t\t\t<\/div>\n\t\t\t\t<div class=\"elementor-element elementor-element-e36cee6 elementor-widget elementor-widget-text-editor\" data-id=\"e36cee6\" data-element_type=\"widget\" data-widget_type=\"text-editor.default\">\n\t\t\t\t<div class=\"elementor-widget-container\">\n\t\t\t\t\t\t\t\t\t<p><span style=\"white-space-collapse: preserve;\">DIVISA PRECISION a \u00e9t\u00e9 cr\u00e9\u00e9e \u00e0 Gen\u00e8ve en 1961 pour r\u00e9pondre \u00e0 une demande croissante dans le domaine des composants microm\u00e9caniques.<\/span><\/p>\t\t\t\t\t\t\t\t<\/div>\n\t\t\t\t<\/div>\n\t\t\t\t<\/div>\n\t\t\t\t\t<\/div>\n\t\t\t\t<\/div>\n\t\t<div class=\"elementor-element elementor-element-232bfc4 elementor-hidden-mobile e-flex e-con-boxed e-con e-parent\" data-id=\"232bfc4\" data-element_type=\"container\">\n\t\t\t\t\t<div class=\"e-con-inner\">\n\t\t<div class=\"elementor-element elementor-element-0606776 e-con-full e-flex e-con e-child\" data-id=\"0606776\" data-element_type=\"container\">\n\t\t\t\t<div class=\"elementor-element elementor-element-e3ddef8 elementor-widget elementor-widget-image\" data-id=\"e3ddef8\" data-element_type=\"widget\" data-widget_type=\"image.default\">\n\t\t\t\t<div class=\"elementor-widget-container\">\n\t\t\t\t\t\t\t\t\t\t\t\t\t\t\t<img fetchpriority=\"high\" decoding=\"async\" width=\"800\" height=\"377\" src=\"https:\/\/divisa.ch\/wp-content\/uploads\/2024\/06\/about-1024x482.png\" class=\"attachment-large size-large wp-image-30085\" alt=\"\" srcset=\"https:\/\/divisa.ch\/wp-content\/uploads\/2024\/06\/about-1024x482.png 1024w, https:\/\/divisa.ch\/wp-content\/uploads\/2024\/06\/about-300x141.png 300w, https:\/\/divisa.ch\/wp-content\/uploads\/2024\/06\/about-768x362.png 768w, https:\/\/divisa.ch\/wp-content\/uploads\/2024\/06\/about-1536x723.png 1536w, https:\/\/divisa.ch\/wp-content\/uploads\/2024\/06\/about-2048x964.png 2048w\" sizes=\"(max-width: 800px) 100vw, 800px\" \/>\t\t\t\t\t\t\t\t\t\t\t\t\t\t\t<\/div>\n\t\t\t\t<\/div>\n\t\t\t\t<\/div>\n\t\t<div class=\"elementor-element elementor-element-10f2c3e e-con-full e-flex e-con e-child\" data-id=\"10f2c3e\" data-element_type=\"container\" data-settings=\"{&quot;background_background&quot;:&quot;classic&quot;}\">\n\t\t\t\t<div class=\"elementor-element elementor-element-4533af6 elementor-widget elementor-widget-heading\" data-id=\"4533af6\" data-element_type=\"widget\" data-widget_type=\"heading.default\">\n\t\t\t\t<div class=\"elementor-widget-container\">\n\t\t\t\t\t<h2 class=\"elementor-heading-title elementor-size-default\">DIVISA<br>PR\u00c9CISION<\/h2>\t\t\t\t<\/div>\n\t\t\t\t<\/div>\n\t\t\t\t<div class=\"elementor-element elementor-element-cea63d3 elementor-widget-divider--view-line elementor-widget elementor-widget-divider\" data-id=\"cea63d3\" data-element_type=\"widget\" data-widget_type=\"divider.default\">\n\t\t\t\t<div class=\"elementor-widget-container\">\n\t\t\t\t\t\t\t<div class=\"elementor-divider\">\n\t\t\t<span class=\"elementor-divider-separator\">\n\t\t\t\t\t\t<\/span>\n\t\t<\/div>\n\t\t\t\t\t\t<\/div>\n\t\t\t\t<\/div>\n\t\t\t\t<div class=\"elementor-element elementor-element-1323f93 elementor-widget elementor-widget-text-editor\" data-id=\"1323f93\" data-element_type=\"widget\" data-widget_type=\"text-editor.default\">\n\t\t\t\t<div class=\"elementor-widget-container\">\n\t\t\t\t\t\t\t\t\t<p><span style=\"white-space-collapse: preserve;\">DIVISA PRECISION a \u00e9t\u00e9 cr\u00e9\u00e9e \u00e0 Gen\u00e8ve en 1961 pour r\u00e9pondre \u00e0 une demande croissante dans le domaine des composants microm\u00e9caniques.<\/span><\/p>\t\t\t\t\t\t\t\t<\/div>\n\t\t\t\t<\/div>\n\t\t\t\t<\/div>\n\t\t\t\t\t<\/div>\n\t\t\t\t<\/div>\n\t\t<div class=\"elementor-element elementor-element-2f739ca e-flex e-con-boxed e-con e-parent\" data-id=\"2f739ca\" data-element_type=\"container\">\n\t\t\t\t\t<div class=\"e-con-inner\">\n\t\t<div class=\"elementor-element elementor-element-f6ec085 e-con-full e-flex e-con e-child\" data-id=\"f6ec085\" data-element_type=\"container\">\n\t\t\t\t<div class=\"elementor-element elementor-element-3035f97 elementor-widget elementor-widget-image\" data-id=\"3035f97\" data-element_type=\"widget\" data-widget_type=\"image.default\">\n\t\t\t\t<div class=\"elementor-widget-container\">\n\t\t\t\t\t\t\t\t\t\t\t\t\t\t\t<img decoding=\"async\" width=\"120\" height=\"4\" src=\"https:\/\/divisa.ch\/wp-content\/uploads\/2024\/06\/linered.png\" class=\"attachment-large size-large wp-image-30116\" alt=\"\" \/>\t\t\t\t\t\t\t\t\t\t\t\t\t\t\t<\/div>\n\t\t\t\t<\/div>\n\t\t\t\t<\/div>\n\t\t<div class=\"elementor-element elementor-element-7af5e34 e-con-full e-flex e-con e-child\" data-id=\"7af5e34\" data-element_type=\"container\">\n\t\t\t\t<div class=\"elementor-element elementor-element-0e2cab5 elementor-widget elementor-widget-text-editor\" data-id=\"0e2cab5\" data-element_type=\"widget\" data-widget_type=\"text-editor.default\">\n\t\t\t\t<div class=\"elementor-widget-container\">\n\t\t\t\t\t\t\t\t\t<p>Depuis sa cr\u00e9ation, la soci\u00e9t\u00e9 s'est sp\u00e9cialis\u00e9e dans la fourniture de petites pi\u00e8ces, notamment pour l'horlogerie, l'\u00e9lectronique et le m\u00e9dical. Suivant les d\u00e9veloppements technologiques dans ces domaines, la soci\u00e9t\u00e9 a d\u00e9velopp\u00e9 un savoir-faire dans la fourniture de pi\u00e8ces de taille moyenne, notamment pour r\u00e9pondre aux demandes des industries de la d\u00e9fense, de l'a\u00e9ronautique et des applications industrielles.<br \/>Notre d\u00e9veloppement est ax\u00e9 sur tous les secteurs de march\u00e9 ou familles de produits qui exigent fiabilit\u00e9, support technique et qualit\u00e9 en mati\u00e8re de pr\u00e9cision, de dimensions et de finition.<br \/>Nos deux usines sont situ\u00e9s \u00e0 Gen\u00e8ve, au milieu des hautes manufactures horlog\u00e8res de renomm\u00e9e mondiale.<\/p>\t\t\t\t\t\t\t\t<\/div>\n\t\t\t\t<\/div>\n\t\t\t\t<\/div>\n\t\t\t\t\t<\/div>\n\t\t\t\t<\/div>\n\t\t<div class=\"elementor-element elementor-element-e1b1f2e e-flex e-con-boxed e-con e-parent\" data-id=\"e1b1f2e\" data-element_type=\"container\">\n\t\t\t\t\t<div class=\"e-con-inner\">\n\t\t<div class=\"elementor-element elementor-element-2290fc9 e-con-full e-flex e-con e-child\" data-id=\"2290fc9\" data-element_type=\"container\">\n\t\t\t\t<div class=\"elementor-element elementor-element-064b898 elementor-widget elementor-widget-image\" data-id=\"064b898\" data-element_type=\"widget\" data-widget_type=\"image.default\">\n\t\t\t\t<div class=\"elementor-widget-container\">\n\t\t\t\t\t\t\t\t\t\t\t\t\t\t\t<img decoding=\"async\" width=\"120\" height=\"4\" src=\"https:\/\/divisa.ch\/wp-content\/uploads\/2024\/06\/linered.png\" class=\"attachment-large size-large wp-image-30116\" alt=\"\" \/>\t\t\t\t\t\t\t\t\t\t\t\t\t\t\t<\/div>\n\t\t\t\t<\/div>\n\t\t\t\t<\/div>\n\t\t<div class=\"elementor-element elementor-element-00c4fa4 e-con-full e-flex e-con e-child\" data-id=\"00c4fa4\" data-element_type=\"container\">\n\t\t\t\t<div class=\"elementor-element elementor-element-e0bb75c elementor-widget elementor-widget-text-editor\" data-id=\"e0bb75c\" data-element_type=\"widget\" data-widget_type=\"text-editor.default\">\n\t\t\t\t<div class=\"elementor-widget-container\">\n\t\t\t\t\t\t\t\t\t<p><span style=\"white-space-collapse: preserve;\">En 1984, DIVISA PRECISION a \u00e9tabli un bureau de vente aux Etats-Unis afin de r\u00e9pondre \u00e0 la demande croissante des clients am\u00e9ricains et de renforcer le support apr\u00e8s-vente.<br>La soci\u00e9t\u00e9 collabore depuis sa cr\u00e9ation avec des partenaires capables d'offrir le plus haut standard qualit\u00e9 suisse dans l'usinage, les traitements de surface et thermiques et toutes les finitions support.\nEn autre, gr\u00e2ce a une forte politique d'investissement, la soci\u00e9t\u00e9 am\u00e9liore continuellement ces processus de fabrication, ces \u00e9quipements et la qualification des ces techniciens afin d'offrir un support technique de haute qualit\u00e9 et des suggestions de r\u00e9duction des co\u00fbts pertinentes.<br>L'organisation est certifi\u00e9e selon les standard internationaux ISO sp\u00e9cifiques \u00e0 chaque activit\u00e9, et est capable d'int\u00e9grer les sp\u00e9cifications d'inspection, conditionnement et nettoyage les plus exigeants.<\/span><\/p>\t\t\t\t\t\t\t\t<\/div>\n\t\t\t\t<\/div>\n\t\t\t\t<\/div>\n\t\t\t\t\t<\/div>\n\t\t\t\t<\/div>\n\t\t<div class=\"elementor-element elementor-element-a644887 e-flex e-con-boxed e-con e-parent\" data-id=\"a644887\" data-element_type=\"container\">\n\t\t\t\t\t<div class=\"e-con-inner\">\n\t\t\t\t<div class=\"elementor-element elementor-element-8bb1a81 elementor-widget elementor-widget-spacer\" data-id=\"8bb1a81\" data-element_type=\"widget\" data-widget_type=\"spacer.default\">\n\t\t\t\t<div class=\"elementor-widget-container\">\n\t\t\t\t\t\t\t<div class=\"elementor-spacer\">\n\t\t\t<div class=\"elementor-spacer-inner\"><\/div>\n\t\t<\/div>\n\t\t\t\t\t\t<\/div>\n\t\t\t\t<\/div>\n\t\t\t\t\t<\/div>\n\t\t\t\t<\/div>\n\t\t<div class=\"elementor-element elementor-element-eddd393 e-flex e-con-boxed e-con e-parent\" data-id=\"eddd393\" data-element_type=\"container\">\n\t\t\t\t\t<div class=\"e-con-inner\">\n\t\t\t\t\t<\/div>\n\t\t\t\t<\/div>\n\t\t\t\t<\/div>","protected":false},"excerpt":{"rendered":"<p>DIVISAPRECISION DIVISA PRECISION\u00a0was established in Geneva in 1961 to meet an increasing demand in the micromechanical components. DIVISAPRECISION DIVISA PRECISION\u00a0was established in Geneva in 1961 to meet an increasing demand in the micromechanical components. Since its creation the company has been specializing in supplying small parts in particular for the watch-making industry, electronic and medical [&hellip;]<\/p>","protected":false},"author":1,"featured_media":0,"parent":0,"menu_order":0,"comment_status":"closed","ping_status":"closed","template":"","meta":{"footnotes":""},"class_list":["post-29428","page","type-page","status-publish","hentry"],"yoast_head":"<!-- This site is optimized with the Yoast SEO plugin v25.4 - https:\/\/yoast.com\/wordpress\/plugins\/seo\/ -->\n<title>ABOUT US - Divisa Precision<\/title>\n<meta name=\"robots\" content=\"index, follow, max-snippet:-1, max-image-preview:large, max-video-preview:-1\" \/>\n<link rel=\"canonical\" href=\"https:\/\/divisa.ch\/fr\/about-us\/\" \/>\n<meta property=\"og:locale\" content=\"fr_FR\" \/>\n<meta property=\"og:type\" content=\"article\" \/>\n<meta property=\"og:title\" content=\"ABOUT US - Divisa Precision\" \/>\n<meta property=\"og:description\" content=\"DIVISAPRECISION DIVISA PRECISION\u00a0was established in Geneva in 1961 to meet an increasing demand in the micromechanical components. DIVISAPRECISION DIVISA PRECISION\u00a0was established in Geneva in 1961 to meet an increasing demand in the micromechanical components. Since its creation the company has been specializing in supplying small parts in particular for the watch-making industry, electronic and medical [&hellip;]\" \/>\n<meta property=\"og:url\" content=\"https:\/\/divisa.ch\/fr\/about-us\/\" \/>\n<meta property=\"og:site_name\" content=\"Divisa Precision\" \/>\n<meta property=\"article:publisher\" content=\"https:\/\/www.facebook.com\/pages\/category\/Industrial-Company\/Divisa-Precision-1422654677961185\/\" \/>\n<meta property=\"article:modified_time\" content=\"2025-06-10T14:22:10+00:00\" \/>\n<meta property=\"og:image\" content=\"https:\/\/divisa.ch\/wp-content\/uploads\/2024\/06\/about-1024x482.png\" \/>\n\t<meta property=\"og:image:width\" content=\"1024\" \/>\n\t<meta property=\"og:image:height\" content=\"482\" \/>\n\t<meta property=\"og:image:type\" content=\"image\/png\" \/>\n<meta name=\"twitter:card\" content=\"summary_large_image\" \/>\n<meta name=\"twitter:label1\" content=\"Dur\u00e9e de lecture estim\u00e9e\" \/>\n\t<meta name=\"twitter:data1\" content=\"3 minutes\" \/>\n<script type=\"application\/ld+json\" class=\"yoast-schema-graph\">{\"@context\":\"https:\/\/schema.org\",\"@graph\":[{\"@type\":\"WebPage\",\"@id\":\"https:\/\/divisa.ch\/about-us\/\",\"url\":\"https:\/\/divisa.ch\/about-us\/\",\"name\":\"ABOUT US - Divisa Precision\",\"isPartOf\":{\"@id\":\"https:\/\/divisa.ch\/#website\"},\"primaryImageOfPage\":{\"@id\":\"https:\/\/divisa.ch\/about-us\/#primaryimage\"},\"image\":{\"@id\":\"https:\/\/divisa.ch\/about-us\/#primaryimage\"},\"thumbnailUrl\":\"https:\/\/divisa.ch\/wp-content\/uploads\/2024\/06\/about-1024x482.png\",\"datePublished\":\"2020-05-15T10:22:24+00:00\",\"dateModified\":\"2025-06-10T14:22:10+00:00\",\"breadcrumb\":{\"@id\":\"https:\/\/divisa.ch\/about-us\/#breadcrumb\"},\"inLanguage\":\"fr-FR\",\"potentialAction\":[{\"@type\":\"ReadAction\",\"target\":[\"https:\/\/divisa.ch\/about-us\/\"]}]},{\"@type\":\"ImageObject\",\"inLanguage\":\"fr-FR\",\"@id\":\"https:\/\/divisa.ch\/about-us\/#primaryimage\",\"url\":\"https:\/\/divisa.ch\/wp-content\/uploads\/2024\/06\/about-1024x482.png\",\"contentUrl\":\"https:\/\/divisa.ch\/wp-content\/uploads\/2024\/06\/about-1024x482.png\"},{\"@type\":\"BreadcrumbList\",\"@id\":\"https:\/\/divisa.ch\/about-us\/#breadcrumb\",\"itemListElement\":[{\"@type\":\"ListItem\",\"position\":1,\"name\":\"Accueil\",\"item\":\"https:\/\/divisa.ch\/\"},{\"@type\":\"ListItem\",\"position\":2,\"name\":\"ABOUT US\"}]},{\"@type\":\"WebSite\",\"@id\":\"https:\/\/divisa.ch\/#website\",\"url\":\"https:\/\/divisa.ch\/\",\"name\":\"Divisa Precision\",\"description\":\"Small things make a big difference\",\"publisher\":{\"@id\":\"https:\/\/divisa.ch\/#organization\"},\"potentialAction\":[{\"@type\":\"SearchAction\",\"target\":{\"@type\":\"EntryPoint\",\"urlTemplate\":\"https:\/\/divisa.ch\/?s={search_term_string}\"},\"query-input\":{\"@type\":\"PropertyValueSpecification\",\"valueRequired\":true,\"valueName\":\"search_term_string\"}}],\"inLanguage\":\"fr-FR\"},{\"@type\":\"Organization\",\"@id\":\"https:\/\/divisa.ch\/#organization\",\"name\":\"DIVISA PRECISION\",\"url\":\"https:\/\/divisa.ch\/\",\"logo\":{\"@type\":\"ImageObject\",\"inLanguage\":\"fr-FR\",\"@id\":\"https:\/\/divisa.ch\/#\/schema\/logo\/image\/\",\"url\":\"https:\/\/divisa.ch\/wp-content\/uploads\/2020\/05\/Logo-Divisa-300w.jpg\",\"contentUrl\":\"https:\/\/divisa.ch\/wp-content\/uploads\/2020\/05\/Logo-Divisa-300w.jpg\",\"width\":302,\"height\":102,\"caption\":\"DIVISA PRECISION\"},\"image\":{\"@id\":\"https:\/\/divisa.ch\/#\/schema\/logo\/image\/\"},\"sameAs\":[\"https:\/\/www.facebook.com\/pages\/category\/Industrial-Company\/Divisa-Precision-1422654677961185\/\"]}]}<\/script>\n<!-- \/ Yoast SEO plugin. -->","yoast_head_json":{"title":"ABOUT US - Divisa Precision","robots":{"index":"index","follow":"follow","max-snippet":"max-snippet:-1","max-image-preview":"max-image-preview:large","max-video-preview":"max-video-preview:-1"},"canonical":"https:\/\/divisa.ch\/fr\/about-us\/","og_locale":"fr_FR","og_type":"article","og_title":"ABOUT US - Divisa Precision","og_description":"DIVISAPRECISION DIVISA PRECISION\u00a0was established in Geneva in 1961 to meet an increasing demand in the micromechanical components. DIVISAPRECISION DIVISA PRECISION\u00a0was established in Geneva in 1961 to meet an increasing demand in the micromechanical components. Since its creation the company has been specializing in supplying small parts in particular for the watch-making industry, electronic and medical [&hellip;]","og_url":"https:\/\/divisa.ch\/fr\/about-us\/","og_site_name":"Divisa Precision","article_publisher":"https:\/\/www.facebook.com\/pages\/category\/Industrial-Company\/Divisa-Precision-1422654677961185\/","article_modified_time":"2025-06-10T14:22:10+00:00","og_image":[{"width":1024,"height":482,"url":"https:\/\/divisa.ch\/wp-content\/uploads\/2024\/06\/about-1024x482.png","type":"image\/png"}],"twitter_card":"summary_large_image","twitter_misc":{"Dur\u00e9e de lecture estim\u00e9e":"3 minutes"},"schema":{"@context":"https:\/\/schema.org","@graph":[{"@type":"WebPage","@id":"https:\/\/divisa.ch\/about-us\/","url":"https:\/\/divisa.ch\/about-us\/","name":"ABOUT US - Divisa Precision","isPartOf":{"@id":"https:\/\/divisa.ch\/#website"},"primaryImageOfPage":{"@id":"https:\/\/divisa.ch\/about-us\/#primaryimage"},"image":{"@id":"https:\/\/divisa.ch\/about-us\/#primaryimage"},"thumbnailUrl":"https:\/\/divisa.ch\/wp-content\/uploads\/2024\/06\/about-1024x482.png","datePublished":"2020-05-15T10:22:24+00:00","dateModified":"2025-06-10T14:22:10+00:00","breadcrumb":{"@id":"https:\/\/divisa.ch\/about-us\/#breadcrumb"},"inLanguage":"fr-FR","potentialAction":[{"@type":"ReadAction","target":["https:\/\/divisa.ch\/about-us\/"]}]},{"@type":"ImageObject","inLanguage":"fr-FR","@id":"https:\/\/divisa.ch\/about-us\/#primaryimage","url":"https:\/\/divisa.ch\/wp-content\/uploads\/2024\/06\/about-1024x482.png","contentUrl":"https:\/\/divisa.ch\/wp-content\/uploads\/2024\/06\/about-1024x482.png"},{"@type":"BreadcrumbList","@id":"https:\/\/divisa.ch\/about-us\/#breadcrumb","itemListElement":[{"@type":"ListItem","position":1,"name":"Accueil","item":"https:\/\/divisa.ch\/"},{"@type":"ListItem","position":2,"name":"ABOUT US"}]},{"@type":"WebSite","@id":"https:\/\/divisa.ch\/#website","url":"https:\/\/divisa.ch\/","name":"Divisa Precision","description":"Small things make a big difference","publisher":{"@id":"https:\/\/divisa.ch\/#organization"},"potentialAction":[{"@type":"SearchAction","target":{"@type":"EntryPoint","urlTemplate":"https:\/\/divisa.ch\/?s={search_term_string}"},"query-input":{"@type":"PropertyValueSpecification","valueRequired":true,"valueName":"search_term_string"}}],"inLanguage":"fr-FR"},{"@type":"Organization","@id":"https:\/\/divisa.ch\/#organization","name":"DIVISA PRECISION","url":"https:\/\/divisa.ch\/","logo":{"@type":"ImageObject","inLanguage":"fr-FR","@id":"https:\/\/divisa.ch\/#\/schema\/logo\/image\/","url":"https:\/\/divisa.ch\/wp-content\/uploads\/2020\/05\/Logo-Divisa-300w.jpg","contentUrl":"https:\/\/divisa.ch\/wp-content\/uploads\/2020\/05\/Logo-Divisa-300w.jpg","width":302,"height":102,"caption":"DIVISA PRECISION"},"image":{"@id":"https:\/\/divisa.ch\/#\/schema\/logo\/image\/"},"sameAs":["https:\/\/www.facebook.com\/pages\/category\/Industrial-Company\/Divisa-Precision-1422654677961185\/"]}]}},"_links":{"self":[{"href":"https:\/\/divisa.ch\/fr\/wp-json\/wp\/v2\/pages\/29428","targetHints":{"allow":["GET"]}}],"collection":[{"href":"https:\/\/divisa.ch\/fr\/wp-json\/wp\/v2\/pages"}],"about":[{"href":"https:\/\/divisa.ch\/fr\/wp-json\/wp\/v2\/types\/page"}],"author":[{"embeddable":true,"href":"https:\/\/divisa.ch\/fr\/wp-json\/wp\/v2\/users\/1"}],"replies":[{"embeddable":true,"href":"https:\/\/divisa.ch\/fr\/wp-json\/wp\/v2\/comments?post=29428"}],"version-history":[{"count":80,"href":"https:\/\/divisa.ch\/fr\/wp-json\/wp\/v2\/pages\/29428\/revisions"}],"predecessor-version":[{"id":31127,"href":"https:\/\/divisa.ch\/fr\/wp-json\/wp\/v2\/pages\/29428\/revisions\/31127"}],"wp:attachment":[{"href":"https:\/\/divisa.ch\/fr\/wp-json\/wp\/v2\/media?parent=29428"}],"curies":[{"name":"wp","href":"https:\/\/api.w.org\/{rel}","templated":true}]}}